{"id":803,"date":"2022-02-02T20:14:11","date_gmt":"2022-02-02T20:14:11","guid":{"rendered":"https:\/\/startertemplatecloud.com\/g35\/?page_id=803"},"modified":"2025-08-04T21:34:29","modified_gmt":"2025-08-04T20:34:29","slug":"contacts","status":"publish","type":"page","link":"https:\/\/allround-handwerker.eu\/","title":{"rendered":"Home"},"content":{"rendered":"<style>.kb-row-layout-id803_2edc05-7f > .kt-row-column-wrap{align-content:start;}:where(.kb-row-layout-id803_2edc05-7f > .kt-row-column-wrap) > .wp-block-kadence-column{justify-content:start;}.kb-row-layout-id803_2edc05-7f > .kt-row-column-wrap{column-gap:var(--global-kb-gap-md, 2rem);row-gap:var(--global-kb-gap-md, 2rem);max-width:var( --global-content-width, 1290px );padding-left:var(--global-content-edge-padding);padding-right:var(--global-content-edge-padding);padding-top:var(--global-kb-spacing-xl, 4rem);padding-bottom:var(--global-kb-spacing-xxs, 0.5rem);grid-template-columns:minmax(0, 1fr);}.kb-row-layout-id803_2edc05-7f > .kt-row-layout-overlay{opacity:0.30;}.kb-row-layout-id803_2edc05-7f{z-index:5;position:relative;}@media all and (max-width: 1024px){.kb-row-layout-id803_2edc05-7f > .kt-row-column-wrap{grid-template-columns:minmax(0, 1fr);}}@media all and (max-width: 767px){.kb-row-layout-id803_2edc05-7f > .kt-row-column-wrap{grid-template-columns:minmax(0, 1fr);}}<\/style><div class=\"kb-row-layout-wrap kb-row-layout-id803_2edc05-7f alignfull wp-block-kadence-rowlayout\"><div class=\"kt-row-column-wrap kt-has-1-columns kt-row-layout-equal kt-tab-layout-inherit kt-mobile-layout-row kt-row-valign-top kb-theme-content-width\">\n<style>.kadence-column803_d208e5-82 > .kt-inside-inner-col,.kadence-column803_d208e5-82 > .kt-inside-inner-col:before{border-top-left-radius:0px;border-top-right-radius:0px;border-bottom-right-radius:0px;border-bottom-left-radius:0px;}.kadence-column803_d208e5-82 > .kt-inside-inner-col{column-gap:var(--global-kb-gap-sm, 1rem);}.kadence-column803_d208e5-82 > .kt-inside-inner-col{flex-direction:column;}.kadence-column803_d208e5-82 > .kt-inside-inner-col > .aligncenter{width:100%;}.kadence-column803_d208e5-82 > .kt-inside-inner-col:before{opacity:0.3;}.kadence-column803_d208e5-82{position:relative;}@media all and (max-width: 1024px){.kadence-column803_d208e5-82 > .kt-inside-inner-col{flex-direction:column;justify-content:center;}}@media all and (max-width: 767px){.kadence-column803_d208e5-82 > .kt-inside-inner-col{flex-direction:column;justify-content:center;}}<\/style>\n<div class=\"wp-block-kadence-column kadence-column803_d208e5-82\"><div class=\"kt-inside-inner-col\">\n<h1 class=\"wp-block-heading has-text-align-center has-larger-font-size\">Bau- und Generalunternehmung<\/h1>\n\n\n\n<p class=\"has-text-align-center has-medium-font-size\"><strong>Ihr Allround-Partner f\u00fcr Sanierung und Bau im Bestand \u2013 zuverl\u00e4ssig &amp; aus einer Hand<\/strong><\/p>\n<\/div><\/div>\n\n<\/div><\/div>\n\n<style>.kb-row-layout-id803_0fa63a-91 > .kt-row-column-wrap{align-content:start;}:where(.kb-row-layout-id803_0fa63a-91 > .kt-row-column-wrap) > .wp-block-kadence-column{justify-content:start;}.kb-row-layout-id803_0fa63a-91 > .kt-row-column-wrap{column-gap:var(--global-kb-gap-sm, 1rem);row-gap:var(--global-kb-gap-sm, 1rem);max-width:var( --global-content-width, 1290px );padding-left:var(--global-content-edge-padding);padding-right:var(--global-content-edge-padding);padding-top:var(--global-kb-spacing-lg, 3rem);padding-bottom:var(--global-kb-spacing-md, 2rem);grid-template-columns:minmax(0, calc(50% - ((var(--global-kb-gap-sm, 1rem) * 1 )\/2)))minmax(0, calc(50% - ((var(--global-kb-gap-sm, 1rem) * 1 )\/2)));}.kb-row-layout-id803_0fa63a-91 > .kt-row-layout-overlay{opacity:0.30;}@media all and (max-width: 1024px){.kb-row-layout-id803_0fa63a-91 > .kt-row-column-wrap{grid-template-columns:repeat(2, minmax(0, 1fr));}}@media all and (max-width: 767px){.kb-row-layout-id803_0fa63a-91 > .kt-row-column-wrap{grid-template-columns:minmax(0, 1fr);}}<\/style><div class=\"kb-row-layout-wrap kb-row-layout-id803_0fa63a-91 alignfull has-theme-palette9-background-color kt-row-has-bg wp-block-kadence-rowlayout\"><div class=\"kt-row-column-wrap kt-has-2-columns kt-row-layout-equal kt-tab-layout-inherit kt-mobile-layout-row kt-row-valign-top kt-inner-column-height-full kb-theme-content-width\">\n<style>.kadence-column803_8cefa6-49 > .kt-inside-inner-col,.kadence-column803_8cefa6-49 > .kt-inside-inner-col:before{border-top-left-radius:0px;border-top-right-radius:0px;border-bottom-right-radius:0px;border-bottom-left-radius:0px;}.kadence-column803_8cefa6-49 > .kt-inside-inner-col{column-gap:var(--global-kb-gap-sm, 1rem);}.kadence-column803_8cefa6-49 > .kt-inside-inner-col{flex-direction:column;}.kadence-column803_8cefa6-49 > .kt-inside-inner-col > .aligncenter{width:100%;}.kadence-column803_8cefa6-49 > .kt-inside-inner-col:before{opacity:0.3;}.kadence-column803_8cefa6-49{position:relative;}@media all and (max-width: 1024px){.kadence-column803_8cefa6-49 > .kt-inside-inner-col{flex-direction:column;justify-content:center;}}@media all and (max-width: 767px){.kadence-column803_8cefa6-49 > .kt-inside-inner-col{flex-direction:column;justify-content:center;}}<\/style>\n<div class=\"wp-block-kadence-column kadence-column803_8cefa6-49\"><div class=\"kt-inside-inner-col\">\n<div class=\"wp-block-cover is-light\" style=\"min-height:759px;aspect-ratio:unset;\"><img loading=\"lazy\" decoding=\"async\" width=\"682\" height=\"1024\" class=\"wp-block-cover__image-background wp-image-1355 size-large\" alt=\"Header\" src=\"http:\/\/allround-handwerker.eu\/wp-content\/uploads\/2025\/08\/premium_photo-1682597001147-55ec5f877209-682x1024.avif\" data-object-fit=\"cover\" srcset=\"https:\/\/allround-handwerker.eu\/wp-content\/uploads\/2025\/08\/premium_photo-1682597001147-55ec5f877209-682x1024.avif 682w, https:\/\/allround-handwerker.eu\/wp-content\/uploads\/2025\/08\/premium_photo-1682597001147-55ec5f877209-200x300.avif 200w, https:\/\/allround-handwerker.eu\/wp-content\/uploads\/2025\/08\/premium_photo-1682597001147-55ec5f877209.avif 687w\" sizes=\"auto, (max-width: 682px) 100vw, 682px\" \/><span aria-hidden=\"true\" class=\"wp-block-cover__background has-theme-palette-8-background-color has-background-dim\"><\/span><div class=\"wp-block-cover__inner-container is-layout-flow wp-block-cover-is-layout-flow\">\n<p class=\"has-text-align-left has-large-font-size\"><strong>Planung, Umsetzung &amp; Modernisierung \u2013 alles aus einer Hand<\/strong><\/p>\n\n\n\n<p>\u00dcber <strong>30 Jahre Erfahrung<\/strong> im Bau- und Sanierungsbereich<br><strong>Komplettservice aus einer Hand<\/strong> \u2013 von Planung bis Ausf\u00fchrung<br>Zusammenarbeit mit <strong>bew\u00e4hrten Subunternehmen &amp; Fachbetrieben<\/strong><\/p>\n<\/div><\/div>\n<\/div><\/div>\n\n\n<style>.kadence-column803_67afa3-8e > .kt-inside-inner-col{display:flex;}.kadence-column803_67afa3-8e > .kt-inside-inner-col,.kadence-column803_67afa3-8e > .kt-inside-inner-col:before{border-top-left-radius:0px;border-top-right-radius:0px;border-bottom-right-radius:0px;border-bottom-left-radius:0px;}.kadence-column803_67afa3-8e > .kt-inside-inner-col{row-gap:var(--global-kb-gap-sm, 1rem);column-gap:var(--global-kb-gap-sm, 1rem);}.kadence-column803_67afa3-8e > .kt-inside-inner-col{flex-direction:column;}.kadence-column803_67afa3-8e > .kt-inside-inner-col > .aligncenter{width:100%;}.kadence-column803_67afa3-8e > .kt-inside-inner-col:before{opacity:0.3;}.kadence-column803_67afa3-8e{position:relative;}@media all and (max-width: 1024px){.kadence-column803_67afa3-8e > .kt-inside-inner-col{flex-direction:column;justify-content:center;}}@media all and (max-width: 767px){.kadence-column803_67afa3-8e > .kt-inside-inner-col{flex-direction:column;justify-content:center;}}<\/style>\n<div class=\"wp-block-kadence-column kadence-column803_67afa3-8e\"><div class=\"kt-inside-inner-col\">\n<p>Seit \u00fcber 30 Jahren begleiten wir unsere Kunden von der ersten Skizze bis zur schl\u00fcsselfertigen \u00dcbergabe. Ob Grundriss\u00e4nderung, energetische Sanierung oder Komplettumbau \u2013 von der Planung bis zur Umsetzung, alles aus einer Hand. <\/p>\n\n\n\n<ul class=\"wp-block-list\">\n<li>Planung &amp; Umsetzung von Bauvorhaben im Bestand<\/li>\n\n\n\n<li>Baurechtschaffung, Umnutzungen &amp; Bauzeichnungen<\/li>\n\n\n\n<li>Ausarbeitung von Bauformularen &amp; Brandschutzkonzepten<\/li>\n\n\n\n<li>Aufteilung nach \u00a7\u202f8 WEG &amp; Restnutzungswertgutachten<\/li>\n\n\n\n<li>Energetischer Sanierungsfahrplan<\/li>\n\n\n\n<li>Abbruch- und Entr\u00fcmpelungsarbeiten<\/li>\n\n\n\n<li>Grundriss\u00e4nderungen, Renovierungen &amp; Badsanierung<\/li>\n\n\n\n<li>Bodenverlegung &amp; Raumgestaltung<\/li>\n\n\n\n<li>Teilm\u00f6blierung &amp; K\u00fccheninstallation<\/li>\n\n\n\n<li>Balkonan- und Terrassenbauten<\/li>\n\n\n\n<li>Bauliche Rettungswege<\/li>\n\n\n\n<li>Energetische Ert\u00fcchtigungen &amp; D\u00e4mmma\u00dfnahmen<\/li>\n\n\n\n<li>Maler-, Tapezier- &amp; Trockenbauarbeiten<\/li>\n\n\n\n<li>Lichtinstallationen \u2013 innen &amp; au\u00dfen, professionell geplant<\/li>\n<\/ul>\n\n\n\n<p><strong>FR-GmbH<\/strong><br>Th\u00fcringerstra\u00dfe 35 <br>46149 Oberhausen<br><br>Telefon: <a href=\"tel:+4915566311188\">+49 155 66311188<\/a><br>E-Mail: <a href=\"f.r.gmbh@franz-ringelhan.de\">f.r.gmbh@franz-ringelhan.de<\/a><\/p>\n<\/div><\/div>\n\n<\/div><\/div>","protected":false},"excerpt":{"rendered":"<p>Bau- und Generalunternehmung Ihr Allround-Partner f\u00fcr Sanierung und Bau im Bestand \u2013 zuverl\u00e4ssig &amp; aus einer Hand Seit \u00fcber 30 Jahren begleiten wir unsere Kunden von der ersten Skizze bis zur schl\u00fcsselfertigen \u00dcbergabe. Ob Grundriss\u00e4nderung, energetische Sanierung oder Komplettumbau \u2013 von der Planung bis zur Umsetzung, alles aus einer Hand. FR-GmbHTh\u00fcringerstra\u00dfe 35 46149 Oberhausen Telefon:&#8230;<\/p>\n","protected":false},"author":1,"featured_media":935,"parent":0,"menu_order":0,"comment_status":"closed","ping_status":"closed","template":"","meta":{"_kadence_starter_templates_imported_post":true,"_kad_post_transparent":"disable","_kad_post_title":"hide","_kad_post_layout":"default","_kad_post_sidebar_id":"","_kad_post_content_style":"unboxed","_kad_post_vertical_padding":"hide","_kad_post_feature":"","_kad_post_feature_position":"","_kad_post_header":false,"_kad_post_footer":false,"footnotes":""},"class_list":["post-803","page","type-page","status-publish","has-post-thumbnail","hentry"],"_links":{"self":[{"href":"https:\/\/allround-handwerker.eu\/index.php\/wp-json\/wp\/v2\/pages\/803","targetHints":{"allow":["GET"]}}],"collection":[{"href":"https:\/\/allround-handwerker.eu\/index.php\/wp-json\/wp\/v2\/pages"}],"about":[{"href":"https:\/\/allround-handwerker.eu\/index.php\/wp-json\/wp\/v2\/types\/page"}],"author":[{"embeddable":true,"href":"https:\/\/allround-handwerker.eu\/index.php\/wp-json\/wp\/v2\/users\/1"}],"replies":[{"embeddable":true,"href":"https:\/\/allround-handwerker.eu\/index.php\/wp-json\/wp\/v2\/comments?post=803"}],"version-history":[{"count":23,"href":"https:\/\/allround-handwerker.eu\/index.php\/wp-json\/wp\/v2\/pages\/803\/revisions"}],"predecessor-version":[{"id":1383,"href":"https:\/\/allround-handwerker.eu\/index.php\/wp-json\/wp\/v2\/pages\/803\/revisions\/1383"}],"wp:featuredmedia":[{"embeddable":true,"href":"https:\/\/allround-handwerker.eu\/index.php\/wp-json\/"}],"wp:attachment":[{"href":"https:\/\/allround-handwerker.eu\/index.php\/wp-json\/wp\/v2\/media?parent=803"}],"curies":[{"name":"wp","href":"https:\/\/api.w.org\/{rel}","templated":true}]}}